{"id":28219,"date":"2020-07-29T22:25:30","date_gmt":"2020-07-30T01:25:30","guid":{"rendered":"https:\/\/centrodeyogalarueda.com.ar\/online\/?post_type=product&#038;p=28219"},"modified":"2020-07-29T22:27:24","modified_gmt":"2020-07-30T01:27:24","slug":"prueba","status":"publish","type":"product","link":"https:\/\/centrodeyogalarueda.com.ar\/online\/item\/prueba\/","title":{"rendered":"Curso de prueba"},"content":{"rendered":"<p>Para acceder a las lecciones del curso, luego de finalizar tu compra podr\u00e1s ingresar con tu email y contrase\u00f1a y buscando en la secci\u00f3n &#8220;Mis cursos&#8221; encontrar\u00e1s el curso.<\/p>\n<p>Para hacer el pago, pod\u00e9s utilizar Mercado Pago, abonando con saldo o con las opciones de tarjetas de cr\u00e9dito, d\u00e9bito y efectivo que ofrece la plataforma. Si est\u00e1s en otro pa\u00eds, consult\u00e1 para otras opciones de pago.<\/p>\n<p>Para consultas, escribinos a &#105;&#x6e;f&#x6f;&#64;&#99;&#x65;&#110;&#x74;r&#111;&#x64;&#101;&#x79;o&#x67;&#x61;&#108;&#x61;r&#x75;e&#100;&#x61;&#46;&#x63;o&#109;&#x2e;&#97;&#x72; o completando el <a href=\"https:\/\/centrodeyogalarueda.com.ar\/online\/contacto\/\">formulario<\/a>.<\/p>\n","protected":false},"excerpt":{"rendered":"<p>Una demostraci\u00f3n del proceso de inscripci\u00f3n y pago.<\/p>\n","protected":false},"featured_media":0,"template":"","meta":{"_uag_custom_page_level_css":"","site-sidebar-layout":"default","site-content-layout":"default","ast-site-content-layout":"default","site-content-style":"default","site-sidebar-style":"default","ast-global-header-display":"","ast-banner-title-visibility":"","ast-main-header-display":"","ast-hfb-above-header-display":"","ast-hfb-below-header-display":"","ast-hfb-mobile-header-display":"","site-post-title":"","ast-breadcrumbs-content":"","ast-featured-img":"","footer-sml-layout":"","ast-disable-related-posts":"","theme-transparent-header-meta":"default","adv-header-id-meta":"","stick-header-meta":"default","header-above-stick-meta":"","header-main-stick-meta":"","header-below-stick-meta":"","astra-migrate-meta-layouts":"default","ast-page-background-enabled":"default","ast-page-background-meta":{"desktop":{"background-color":"","background-image":"","background-repeat":"repeat","background-position":"center center","background-size":"auto","background-attachment":"scroll","background-type":"","background-media":"","overlay-type":"","overlay-color":"","overlay-opacity":"","overlay-gradient":""},"tablet":{"background-color":"","background-image":"","background-repeat":"repeat","background-position":"center center","background-size":"auto","background-attachment":"scroll","background-type":"","background-media":"","overlay-type":"","overlay-color":"","overlay-opacity":"","overlay-gradient":""},"mobile":{"background-color":"","background-image":"","background-repeat":"repeat","background-position":"center center","background-size":"auto","background-attachment":"scroll","background-type":"","background-media":"","overlay-type":"","overlay-color":"","overlay-opacity":"","overlay-gradient":""}},"ast-content-background-meta":{"desktop":{"background-color":"var(--ast-global-color-5)","background-image":"","background-repeat":"repeat","background-position":"center center","background-size":"auto","background-attachment":"scroll","background-type":"","background-media":"","overlay-type":"","overlay-color":"","overlay-opacity":"","overlay-gradient":""},"tablet":{"background-color":"var(--ast-global-color-5)","background-image":"","background-repeat":"repeat","background-position":"center center","background-size":"auto","background-attachment":"scroll","background-type":"","background-media":"","overlay-type":"","overlay-color":"","overlay-opacity":"","overlay-gradient":""},"mobile":{"background-color":"var(--ast-global-color-5)","background-image":"","background-repeat":"repeat","background-position":"center center","background-size":"auto","background-attachment":"scroll","background-type":"","background-media":"","overlay-type":"","overlay-color":"","overlay-opacity":"","overlay-gradient":""}}},"product_brand":[],"product_cat":[24],"product_tag":[],"class_list":{"0":"post-28219","1":"product","2":"type-product","3":"status-publish","5":"product_cat-cursos-online","6":"desktop-align-left","7":"tablet-align-left","8":"mobile-align-left","9":"ast-product-gallery-layout-horizontal","10":"ast-product-gallery-with-no-image","11":"ast-magnify-disabled","12":"ast-product-tabs-layout-horizontal","14":"first","15":"instock","16":"virtual","17":"sold-individually","18":"purchasable","19":"product-type-course"},"yoast_head":"<!-- This site is optimized with the Yoast SEO plugin v27.5 - https:\/\/yoast.com\/product\/yoast-seo-wordpress\/ -->\n<title>Curso de prueba | Centro La Rueda Online<\/title>\n<meta name=\"robots\" content=\"noindex, follow\" \/>\n<meta property=\"og:locale\" content=\"es_ES\" \/>\n<meta property=\"og:type\" content=\"article\" \/>\n<meta property=\"og:title\" content=\"Curso de prueba | Centro La Rueda Online\" \/>\n<meta property=\"og:description\" content=\"Una demostraci\u00f3n del proceso de inscripci\u00f3n y pago.\" \/>\n<meta property=\"og:url\" content=\"https:\/\/centrodeyogalarueda.com.ar\/online\/item\/prueba\/\" \/>\n<meta property=\"og:site_name\" content=\"Centro La Rueda Online\" \/>\n<meta property=\"article:publisher\" content=\"https:\/\/www.facebook.com\/actualizarteonline\" \/>\n<meta property=\"article:modified_time\" content=\"2020-07-30T01:27:24+00:00\" \/>\n<meta name=\"twitter:card\" content=\"summary_large_image\" \/>\n<script type=\"application\/ld+json\" class=\"yoast-schema-graph\">{\"@context\":\"https:\\\/\\\/schema.org\",\"@graph\":[{\"@type\":\"WebPage\",\"@id\":\"https:\\\/\\\/centrodeyogalarueda.com.ar\\\/online\\\/item\\\/prueba\\\/\",\"url\":\"https:\\\/\\\/centrodeyogalarueda.com.ar\\\/online\\\/item\\\/prueba\\\/\",\"name\":\"Curso de prueba | Centro La Rueda Online\",\"isPartOf\":{\"@id\":\"https:\\\/\\\/centrodeyogalarueda.com.ar\\\/online\\\/#website\"},\"datePublished\":\"2020-07-30T01:25:30+00:00\",\"dateModified\":\"2020-07-30T01:27:24+00:00\",\"breadcrumb\":{\"@id\":\"https:\\\/\\\/centrodeyogalarueda.com.ar\\\/online\\\/item\\\/prueba\\\/#breadcrumb\"},\"inLanguage\":\"es\",\"potentialAction\":[{\"@type\":\"ReadAction\",\"target\":[\"https:\\\/\\\/centrodeyogalarueda.com.ar\\\/online\\\/item\\\/prueba\\\/\"]}]},{\"@type\":\"BreadcrumbList\",\"@id\":\"https:\\\/\\\/centrodeyogalarueda.com.ar\\\/online\\\/item\\\/prueba\\\/#breadcrumb\",\"itemListElement\":[{\"@type\":\"ListItem\",\"position\":1,\"name\":\"Portada\",\"item\":\"https:\\\/\\\/centrodeyogalarueda.com.ar\\\/online\\\/\"},{\"@type\":\"ListItem\",\"position\":2,\"name\":\"Tienda\",\"item\":\"https:\\\/\\\/centrodeyogalarueda.com.ar\\\/online\\\/tienda\\\/\"},{\"@type\":\"ListItem\",\"position\":3,\"name\":\"Curso de prueba\"}]},{\"@type\":\"WebSite\",\"@id\":\"https:\\\/\\\/centrodeyogalarueda.com.ar\\\/online\\\/#website\",\"url\":\"https:\\\/\\\/centrodeyogalarueda.com.ar\\\/online\\\/\",\"name\":\"Centro La Rueda Online\",\"description\":\"Clases, Cursos y Formaciones Online.\",\"publisher\":{\"@id\":\"https:\\\/\\\/centrodeyogalarueda.com.ar\\\/online\\\/#organization\"},\"potentialAction\":[{\"@type\":\"SearchAction\",\"target\":{\"@type\":\"EntryPoint\",\"urlTemplate\":\"https:\\\/\\\/centrodeyogalarueda.com.ar\\\/online\\\/?s={search_term_string}\"},\"query-input\":{\"@type\":\"PropertyValueSpecification\",\"valueRequired\":true,\"valueName\":\"search_term_string\"}}],\"inLanguage\":\"es\"},{\"@type\":\"Organization\",\"@id\":\"https:\\\/\\\/centrodeyogalarueda.com.ar\\\/online\\\/#organization\",\"name\":\"Centro La Rueda Online\",\"url\":\"https:\\\/\\\/centrodeyogalarueda.com.ar\\\/online\\\/\",\"logo\":{\"@type\":\"ImageObject\",\"inLanguage\":\"es\",\"@id\":\"https:\\\/\\\/centrodeyogalarueda.com.ar\\\/online\\\/#\\\/schema\\\/logo\\\/image\\\/\",\"url\":\"https:\\\/\\\/centrodeyogalarueda.com.ar\\\/online\\\/wp-content\\\/uploads\\\/2021\\\/01\\\/larueda.png\",\"contentUrl\":\"https:\\\/\\\/centrodeyogalarueda.com.ar\\\/online\\\/wp-content\\\/uploads\\\/2021\\\/01\\\/larueda.png\",\"width\":360,\"height\":140,\"caption\":\"Centro La Rueda Online\"},\"image\":{\"@id\":\"https:\\\/\\\/centrodeyogalarueda.com.ar\\\/online\\\/#\\\/schema\\\/logo\\\/image\\\/\"},\"sameAs\":[\"https:\\\/\\\/www.facebook.com\\\/actualizarteonline\",\"https:\\\/\\\/www.instagram.com\\\/actualizarteonline\\\/\",\"https:\\\/\\\/www.linkedin.com\\\/company\\\/actualizarteonline\",\"https:\\\/\\\/www.youtube.com\\\/channel\\\/UCzA49ryCoez4fCSZwPuRopw\"]}]}<\/script>\n<!-- \/ Yoast SEO plugin. -->","yoast_head_json":{"title":"Curso de prueba | Centro La Rueda Online","robots":{"index":"noindex","follow":"follow"},"og_locale":"es_ES","og_type":"article","og_title":"Curso de prueba | Centro La Rueda Online","og_description":"Una demostraci\u00f3n del proceso de inscripci\u00f3n y pago.","og_url":"https:\/\/centrodeyogalarueda.com.ar\/online\/item\/prueba\/","og_site_name":"Centro La Rueda Online","article_publisher":"https:\/\/www.facebook.com\/actualizarteonline","article_modified_time":"2020-07-30T01:27:24+00:00","twitter_card":"summary_large_image","schema":{"@context":"https:\/\/schema.org","@graph":[{"@type":"WebPage","@id":"https:\/\/centrodeyogalarueda.com.ar\/online\/item\/prueba\/","url":"https:\/\/centrodeyogalarueda.com.ar\/online\/item\/prueba\/","name":"Curso de prueba | Centro La Rueda Online","isPartOf":{"@id":"https:\/\/centrodeyogalarueda.com.ar\/online\/#website"},"datePublished":"2020-07-30T01:25:30+00:00","dateModified":"2020-07-30T01:27:24+00:00","breadcrumb":{"@id":"https:\/\/centrodeyogalarueda.com.ar\/online\/item\/prueba\/#breadcrumb"},"inLanguage":"es","potentialAction":[{"@type":"ReadAction","target":["https:\/\/centrodeyogalarueda.com.ar\/online\/item\/prueba\/"]}]},{"@type":"BreadcrumbList","@id":"https:\/\/centrodeyogalarueda.com.ar\/online\/item\/prueba\/#breadcrumb","itemListElement":[{"@type":"ListItem","position":1,"name":"Portada","item":"https:\/\/centrodeyogalarueda.com.ar\/online\/"},{"@type":"ListItem","position":2,"name":"Tienda","item":"https:\/\/centrodeyogalarueda.com.ar\/online\/tienda\/"},{"@type":"ListItem","position":3,"name":"Curso de prueba"}]},{"@type":"WebSite","@id":"https:\/\/centrodeyogalarueda.com.ar\/online\/#website","url":"https:\/\/centrodeyogalarueda.com.ar\/online\/","name":"Centro La Rueda Online","description":"Clases, Cursos y Formaciones Online.","publisher":{"@id":"https:\/\/centrodeyogalarueda.com.ar\/online\/#organization"},"potentialAction":[{"@type":"SearchAction","target":{"@type":"EntryPoint","urlTemplate":"https:\/\/centrodeyogalarueda.com.ar\/online\/?s={search_term_string}"},"query-input":{"@type":"PropertyValueSpecification","valueRequired":true,"valueName":"search_term_string"}}],"inLanguage":"es"},{"@type":"Organization","@id":"https:\/\/centrodeyogalarueda.com.ar\/online\/#organization","name":"Centro La Rueda Online","url":"https:\/\/centrodeyogalarueda.com.ar\/online\/","logo":{"@type":"ImageObject","inLanguage":"es","@id":"https:\/\/centrodeyogalarueda.com.ar\/online\/#\/schema\/logo\/image\/","url":"https:\/\/centrodeyogalarueda.com.ar\/online\/wp-content\/uploads\/2021\/01\/larueda.png","contentUrl":"https:\/\/centrodeyogalarueda.com.ar\/online\/wp-content\/uploads\/2021\/01\/larueda.png","width":360,"height":140,"caption":"Centro La Rueda Online"},"image":{"@id":"https:\/\/centrodeyogalarueda.com.ar\/online\/#\/schema\/logo\/image\/"},"sameAs":["https:\/\/www.facebook.com\/actualizarteonline","https:\/\/www.instagram.com\/actualizarteonline\/","https:\/\/www.linkedin.com\/company\/actualizarteonline","https:\/\/www.youtube.com\/channel\/UCzA49ryCoez4fCSZwPuRopw"]}]}},"uagb_featured_image_src":{"full":false,"thumbnail":false,"medium":false,"medium_large":false,"large":false,"1536x1536":false,"2048x2048":false,"woocommerce_thumbnail":false,"woocommerce_single":false,"woocommerce_gallery_thumbnail":false},"uagb_author_info":{"display_name":"Admin","author_link":"https:\/\/centrodeyogalarueda.com.ar\/online\/author\/"},"uagb_comment_info":0,"uagb_excerpt":"Una demostraci\u00f3n del proceso de inscripci\u00f3n y pago.","_links":{"self":[{"href":"https:\/\/centrodeyogalarueda.com.ar\/online\/wp-json\/wp\/v2\/product\/28219","targetHints":{"allow":["GET"]}}],"collection":[{"href":"https:\/\/centrodeyogalarueda.com.ar\/online\/wp-json\/wp\/v2\/product"}],"about":[{"href":"https:\/\/centrodeyogalarueda.com.ar\/online\/wp-json\/wp\/v2\/types\/product"}],"wp:attachment":[{"href":"https:\/\/centrodeyogalarueda.com.ar\/online\/wp-json\/wp\/v2\/media?parent=28219"}],"wp:term":[{"taxonomy":"product_brand","embeddable":true,"href":"https:\/\/centrodeyogalarueda.com.ar\/online\/wp-json\/wp\/v2\/product_brand?post=28219"},{"taxonomy":"product_cat","embeddable":true,"href":"https:\/\/centrodeyogalarueda.com.ar\/online\/wp-json\/wp\/v2\/product_cat?post=28219"},{"taxonomy":"product_tag","embeddable":true,"href":"https:\/\/centrodeyogalarueda.com.ar\/online\/wp-json\/wp\/v2\/product_tag?post=28219"}],"curies":[{"name":"wp","href":"https:\/\/api.w.org\/{rel}","templated":true}]}}